{"id":1326,"date":"2017-10-16T13:06:09","date_gmt":"2017-10-16T13:06:09","guid":{"rendered":"http:\/\/ninzio.com\/bauer\/?page_id=1326"},"modified":"2024-09-30T13:23:13","modified_gmt":"2024-09-30T10:23:13","slug":"services","status":"publish","type":"page","link":"https:\/\/navruznakliyat.com\/index.php\/services\/","title":{"rendered":"Hizmetlerimiz"},"content":{"rendered":"<p>[vc_row css=&#8221;.vc_custom_1727691792009{background-color: #00183f !important;background-position: center !important;background-repeat: no-repeat !important;background-size: cover !important;}&#8221;][vc_column]\r\n\t<div class=\"bauer-spacer clearfix\" data-desktop=\"94\" data-mobi=\"60\" data-smobi=\"60\"><\/div><h2 class=\"bauer-text clearfix text-center\" style=\"font-size:42px;line-height:50px;color:#ffffff;margin-bottom:32px;\"><p>Ta\u015f\u0131mac\u0131l\u0131k Hizmetlerimiz<\/p>\n<\/h2>\r\n\t<div class=\"bauer-spacer clearfix\" data-desktop=\"40\" data-mobi=\"0\" data-smobi=\"0\"><\/div>     \r\n    \t<div class=\"bauer-adv-tabs style-2\">\r\n            <div class=\"tab-title\">\r\n            <\/div>\r\n            <div class=\"tab-content-wrap\">\r\n            \t     \t    <div class=\"tab-content\">\r\n                <div class=\"item-title\"><a class=\"anchor-link\"><span class=\"icon\" style=\"font-size:50px;\"><i class=\"bauerico-truck\"><\/i><\/span><span class=\"title\">Karayolu Ta\u015f\u0131mac\u0131l\u0131\u011f\u0131<\/span><\/a><\/div>     \t    \t<div class=\"item-content\">\r\n\t<div class=\"bauer-spacer clearfix\" data-desktop=\"45\" data-mobi=\"30\" data-smobi=\"30\"><\/div><div class=\"bauer-text clearfix text-center\" style=\"font-size:18px;line-height:30px;color:#ffffff;max-width:800px;margin-left: auto; margin-right: auto;\"><p style=\"text-align: center;\">Yurt i\u00e7i ve uluslararas\u0131 karayolu ta\u015f\u0131mac\u0131l\u0131\u011f\u0131nda y\u0131llar\u0131n deneyimi ve uzman kadromuzla, g\u00fcvenilir ve h\u0131zl\u0131 ta\u015f\u0131mac\u0131l\u0131k hizmeti sunmaktay\u0131z.<\/p>\n<p style=\"text-align: center;\">M\u00fc\u015fteri memnuniyetini her zaman \u00f6n planda tutarak, y\u00fcklerinizi tam zaman\u0131nda, g\u00fcvenli bir \u015fekilde ve \u00f6zenle adresinize ula\u015ft\u0131r\u0131yoruz.<\/p>\n<p style=\"text-align: center;\">Modern filomuz ve teknolojik altyap\u0131m\u0131z sayesinde, her t\u00fcrl\u00fc ta\u015f\u0131mac\u0131l\u0131k ihtiyac\u0131n\u0131za esnek ve yenilik\u00e7i \u00e7\u00f6z\u00fcmler \u00fcretiyor, sizi en y\u00fcksek standartlarla bulu\u015fturuyoruz. Yola \u00e7\u0131kt\u0131\u011f\u0131n\u0131zda yan\u0131n\u0131zda biz var\u0131z!<\/p>\n<\/div>\r\n\t<div class=\"bauer-spacer clearfix\" data-desktop=\"40\" data-mobi=\"40\" data-smobi=\"40\"><\/div><\/div>     \t    <\/div>\r\n             \t    <div class=\"tab-content\">\r\n                <div class=\"item-title\"><a class=\"anchor-link\"><span class=\"icon\" style=\"font-size:50px;\"><i class=\"bauerico-brickwall\"><\/i><\/span><span class=\"title\">Parsiyel Ta\u015f\u0131mac\u0131l\u0131k<\/span><\/a><\/div>     \t    \t<div class=\"item-content\">\r\n\t<div class=\"bauer-spacer clearfix\" data-desktop=\"45\" data-mobi=\"30\" data-smobi=\"30\"><\/div><div class=\"bauer-text clearfix text-center\" style=\"font-size:18px;line-height:30px;color:#ffffff;max-width:800px;margin-left: auto; margin-right: auto;\"><p>T\u00fcrkiye ve d\u00fcnyan\u0131n d\u00f6rt bir yan\u0131na yay\u0131lan geni\u015f hizmet a\u011f\u0131m\u0131z sayesinde, her t\u00fcrl\u00fc lojistik ihtiyac\u0131n\u0131z\u0131 en h\u0131zl\u0131 ve verimli \u015fekilde kar\u015f\u0131l\u0131yoruz.<\/p>\n<p>Zaman\u0131nda ve uygun teslimatlar ger\u00e7ekle\u015ftirmek i\u00e7in ileri teknoloji ile donat\u0131lm\u0131\u015f altyap\u0131m\u0131z\u0131, deneyimli kadromuzla birle\u015ftirerek kesintisiz bir hizmet sunuyoruz.<\/p>\n<p>M\u00fc\u015fteri odakl\u0131 yakla\u015f\u0131m\u0131m\u0131z ve esnek \u00e7\u00f6z\u00fcmlerimizle, hem yurt i\u00e7i hem de uluslararas\u0131 ta\u015f\u0131mac\u0131l\u0131kta, g\u00fcvenilir bir i\u015f orta\u011f\u0131 olarak yan\u0131n\u0131zday\u0131z.<\/p>\n<p>Teslimatlar\u0131n\u0131z her zaman planland\u0131\u011f\u0131 gibi, tam zaman\u0131nda ve b\u00fct\u00e7enize uygun \u015fekilde yerine ula\u015ft\u0131r\u0131l\u0131r.<\/p>\n<\/div>\r\n\t<div class=\"bauer-spacer clearfix\" data-desktop=\"40\" data-mobi=\"40\" data-smobi=\"40\"><\/div><\/div>     \t    <\/div>\r\n             \t    <div class=\"tab-content\">\r\n                <div class=\"item-title\"><a class=\"anchor-link\"><span class=\"icon\" style=\"font-size:50px;\"><i class=\"bauerico-industry\"><\/i><\/span><span class=\"title\">Proje Ta\u015f\u0131mac\u0131l\u0131\u011f\u0131<\/span><\/a><\/div>     \t    \t<div class=\"item-content\">\r\n\t<div class=\"bauer-spacer clearfix\" data-desktop=\"45\" data-mobi=\"30\" data-smobi=\"30\"><\/div><div class=\"bauer-text clearfix text-center\" style=\"font-size:18px;line-height:30px;color:#ffffff;max-width:800px;margin-left: auto; margin-right: auto;\"><p>Proje ta\u015f\u0131mac\u0131l\u0131\u011f\u0131 alan\u0131nda, geni\u015f ve g\u00fc\u00e7l\u00fc acente a\u011f\u0131m\u0131z sayesinde her t\u00fcrl\u00fc lojistik ihtiyac\u0131n\u0131za \u00f6zel \u00e7\u00f6z\u00fcmler sunuyoruz.<\/p>\n<p>Karma\u015f\u0131k ve b\u00fcy\u00fck \u00f6l\u00e7ekli projelerin ta\u015f\u0131nmas\u0131nda, uzman ekibimizle birlikte, esnek ve yenilik\u00e7i yakla\u015f\u0131mlar geli\u015ftirerek s\u00fcre\u00e7leri sizin i\u00e7in kolayla\u015ft\u0131r\u0131yoruz.<\/p>\n<p>Zaman\u0131nda ve g\u00fcvenilir teslimat garantisiyle, sekt\u00f6rdeki deneyimimiz ve k\u00fcresel i\u015f ortaklar\u0131m\u0131zla, projenizin her a\u015famas\u0131nda yan\u0131n\u0131zda yer al\u0131yor ve t\u00fcm lojistik ihtiya\u00e7lar\u0131n\u0131za profesyonel \u00e7\u00f6z\u00fcmler \u00fcretiyoruz<\/p>\n<\/div>\r\n\t<div class=\"bauer-spacer clearfix\" data-desktop=\"40\" data-mobi=\"40\" data-smobi=\"40\"><\/div><\/div>     \t    <\/div>\r\n             \t    <div class=\"tab-content\">\r\n                <div class=\"item-title\"><a class=\"anchor-link\"><span class=\"icon\" style=\"font-size:50px;\"><i class=\"bauerico-ladder\"><\/i><\/span><span class=\"title\">Demiryolu Ta\u015f\u0131mac\u0131l\u0131\u011f\u0131<\/span><\/a><\/div>     \t    \t<div class=\"item-content\">\r\n\t<div class=\"bauer-spacer clearfix\" data-desktop=\"45\" data-mobi=\"30\" data-smobi=\"30\"><\/div><div class=\"bauer-text clearfix text-center\" style=\"font-size:18px;line-height:30px;color:#ffffff;max-width:800px;margin-left: auto; margin-right: auto;\"><p>A\u011f\u0131r tonajl\u0131 malzemelerin demir yolu ile ta\u015f\u0131nmas\u0131nda, m\u00fc\u015fterilerimize \u00f6zel ve etkili \u00e7\u00f6z\u00fcm \u00f6nerileri sunarak, lojistik s\u00fcre\u00e7lerinizi kolayla\u015ft\u0131r\u0131yoruz.<\/p>\n<p>Uzman ekibimiz, y\u00fcklerinizin g\u00fcvenli bir \u015fekilde ta\u015f\u0131nmas\u0131 i\u00e7in en uygun g\u00fczergahlar\u0131 belirlerken, h\u0131zl\u0131 ve ekonomik \u00e7\u00f6z\u00fcmlerle ihtiya\u00e7lar\u0131n\u0131za yan\u0131t veriyor.<\/p>\n<p>Modern demiryolu altyap\u0131m\u0131z ve deneyimimizle, a\u011f\u0131r y\u00fcklerinizi zaman\u0131nda ve sorunsuz bir \u015fekilde hedef noktalar\u0131na ula\u015ft\u0131r\u0131yoruz.<\/p>\n<p>M\u00fc\u015fteri memnuniyetini her zaman \u00f6ncelikli hedefimiz olarak g\u00f6rerek, g\u00fcvenilir bir i\u015f orta\u011f\u0131 olman\u0131n gururunu ya\u015f\u0131yoruz.<\/p>\n<\/div>\r\n\t<div class=\"bauer-spacer clearfix\" data-desktop=\"40\" data-mobi=\"40\" data-smobi=\"40\"><\/div><\/div>     \t    <\/div>\r\n             \t    <div class=\"tab-content\">\r\n                <div class=\"item-title\"><a class=\"anchor-link\"><span class=\"icon\" style=\"font-size:50px;\"><i class=\"typcn typcn-plane-outline\"><\/i><\/span><span class=\"title\">Havayolu Ta\u015f\u0131mac\u0131l\u0131\u011f\u0131<\/span><\/a><\/div>     \t    \t<div class=\"item-content\">\r\n\t<div class=\"bauer-spacer clearfix\" data-desktop=\"45\" data-mobi=\"30\" data-smobi=\"30\"><\/div><div class=\"bauer-text clearfix text-center\" style=\"font-size:18px;line-height:30px;color:#ffffff;max-width:800px;margin-left: auto; margin-right: auto;\"><p>D\u00fcnyadaki \u00f6nemli ticari noktalara hava yolu ile ta\u015f\u0131ma hizmetimizle, y\u00fcklerinizi h\u0131zl\u0131 ve g\u00fcvenli bir \u015fekilde ula\u015ft\u0131r\u0131yoruz.<\/p>\n<p>Geli\u015fmi\u015f hava ta\u015f\u0131mac\u0131l\u0131\u011f\u0131 a\u011f\u0131m\u0131z sayesinde, her t\u00fcrl\u00fc y\u00fck\u00fcn\u00fcz\u00fc en k\u0131sa s\u00fcrede hedef noktalar\u0131na teslim etmek i\u00e7in gerekli t\u00fcm \u00f6nlemleri al\u0131yoruz.<\/p>\n<p>Uzman kadromuz, hava yolu ta\u015f\u0131mac\u0131l\u0131\u011f\u0131n\u0131n karma\u015f\u0131kl\u0131klar\u0131n\u0131 y\u00f6neterek, ihtiya\u00e7lar\u0131n\u0131za \u00f6zel \u00e7\u00f6z\u00fcmler sunuyor.<\/p>\n<p>M\u00fc\u015fteri memnuniyetini \u00f6n planda tutarak, uluslararas\u0131 standartlarda hizmet veriyor ve ticari faaliyetlerinizi destekliyoruz.<\/p>\n<p>\u0130\u015f ortaklar\u0131m\u0131zla olan g\u00fc\u00e7l\u00fc ili\u015fkilerimiz sayesinde, ta\u015f\u0131malar\u0131n\u0131z\u0131 en verimli \u015fekilde ger\u00e7ekle\u015ftirmek i\u00e7in yan\u0131n\u0131zday\u0131z.<\/p>\n<\/div>\r\n\t<div class=\"bauer-spacer clearfix\" data-desktop=\"40\" data-mobi=\"40\" data-smobi=\"40\"><\/div><\/div>     \t    <\/div>\r\n                    <\/div>                \t\t\t\r\n    \t<\/div>\r\n\r\n        \r\n\t<div class=\"bauer-spacer clearfix\" data-desktop=\"150\" data-mobi=\"60\" data-smobi=\"60\"><\/div>[\/vc_column][\/vc_row]<\/p>\n","protected":false},"excerpt":{"rendered":"<p>[vc_row css=&#8221;.vc_custom_1727691792009{background-color: #00183f !important;background-position: center !important;background-repeat: no-repeat !important;background-size: cover !important;}&#8221;][vc_column][\/vc_column][\/vc_row]<\/p>\n","protected":false},"author":1,"featured_media":0,"parent":0,"menu_order":0,"comment_status":"closed","ping_status":"closed","template":"","meta":{"footnotes":""},"class_list":["post-1326","page","type-page","status-publish","hentry"],"_links":{"self":[{"href":"https:\/\/navruznakliyat.com\/index.php\/wp-json\/wp\/v2\/pages\/1326","targetHints":{"allow":["GET"]}}],"collection":[{"href":"https:\/\/navruznakliyat.com\/index.php\/wp-json\/wp\/v2\/pages"}],"about":[{"href":"https:\/\/navruznakliyat.com\/index.php\/wp-json\/wp\/v2\/types\/page"}],"author":[{"embeddable":true,"href":"https:\/\/navruznakliyat.com\/index.php\/wp-json\/wp\/v2\/users\/1"}],"replies":[{"embeddable":true,"href":"https:\/\/navruznakliyat.com\/index.php\/wp-json\/wp\/v2\/comments?post=1326"}],"version-history":[{"count":15,"href":"https:\/\/navruznakliyat.com\/index.php\/wp-json\/wp\/v2\/pages\/1326\/revisions"}],"predecessor-version":[{"id":9310,"href":"https:\/\/navruznakliyat.com\/index.php\/wp-json\/wp\/v2\/pages\/1326\/revisions\/9310"}],"wp:attachment":[{"href":"https:\/\/navruznakliyat.com\/index.php\/wp-json\/wp\/v2\/media?parent=1326"}],"curies":[{"name":"wp","href":"https:\/\/api.w.org\/{rel}","templated":true}]}}