{"id":8294,"date":"2019-05-17T02:47:41","date_gmt":"2019-05-17T02:47:41","guid":{"rendered":"http:\/\/ninzio.com\/bauer\/?page_id=8294"},"modified":"2024-09-30T13:58:34","modified_gmt":"2024-09-30T10:58:34","slug":"home-main","status":"publish","type":"page","link":"https:\/\/navruznakliyat.com\/","title":{"rendered":"Ana Sayfa"},"content":{"rendered":"<p>[vc_row arrow=&#8221;yes&#8221; scroll_id=&#8221;first-row&#8221; scroll_arrow=&#8221;yes&#8221;][vc_column][rev_slider_vc alias=&#8221;slider-1&#8243;][\/vc_column][\/vc_row][vc_row css=&#8221;.vc_custom_1558753815078{background-image: url(https:\/\/navruznakliyat.com\/wp-content\/uploads\/2019\/05\/main-bg-1.png?id=8860) !important;background-position: center !important;background-repeat: no-repeat !important;background-size: cover !important;}&#8221; el_id=&#8221;first-row&#8221;][vc_column]\r\n\t<div class=\"bauer-spacer clearfix\" data-desktop=\"94\" data-mobi=\"60\" data-smobi=\"60\"><\/div>[vc_row_inner][vc_column_inner width=&#8221;1\/2&#8243;]<div class=\"bauer-single-heading clearfix \" style=\"margin-bottom:25px;\"><span class=\"inner\"><span class=\"heading clearfix \" style=\"font-weight:600;color:#cacaca;font-size:16px;\">\r\n\t\tNavruz Nakliyata Ho\u015f Geldiniz\r\n\t<\/span><\/span><\/div><h5 class=\"bauer-text clearfix \" style=\"font-size:42px;line-height:50px;margin-bottom:32px;\"><p><span class=\"font-weight-300\">M\u00fc\u015fterilerimize <strong>kapsaml\u0131 ve g\u00fcvenilir<\/strong> lojistik \u00e7\u00f6z\u00fcmleri sunman\u0131n gururunu ya\u015f\u0131yoruz.<\/span><\/p>\n<\/h5><div class=\"bauer-text clearfix \" style=\"font-size:18px;line-height:30px;color:#414042;margin-bottom:34px;\"><p>Navruz Lojistik, m\u00fc\u015fteri odakl\u0131 bir anlay\u0131\u015f ve yenilik\u00e7i yakla\u015f\u0131m\u0131 birle\u015ftirerek, lojistik ihtiya\u00e7lar\u0131n\u0131za \u00e7\u00f6z\u00fcm sunan bir firmad\u0131r. Sekt\u00f6rdeki de\u011fi\u015fen talepleri ve teknolojik geli\u015fmeleri takip ediyor ve bu do\u011frultuda hizmetlerimizi s\u00fcrekli olarak geli\u015ftiriyoruz.<\/p>\n<\/div><div class=\"bauer-text clearfix \" style=\"\"><p>* Deneyim ve Uzmanl\u0131k: Lojistik sekt\u00f6r\u00fcndeki uzun y\u0131llara dayanan deneyimimizle, i\u015finizi anl\u0131yoruz ve ihtiya\u00e7lar\u0131n\u0131za uygun \u00e7\u00f6z\u00fcmler sunuyoruz.<br \/>\n* K\u00fcresel A\u011f: Avrupa ve Asya k\u0131tas\u0131nda geni\u015f bir a\u011fa sahibiz, b\u00f6ylece \u00fcr\u00fcnlerinizi nereye g\u00f6nderirseniz g\u00f6nderin, g\u00fcvenli ve zaman\u0131nda teslimat sa\u011flayabiliriz.<br \/>\n* Teknoloji ve \u0130novasyon: Sekt\u00f6rdeki son teknolojiyi kullanarak, y\u00fcklerinizin izlenmesini, y\u00f6netilmesini ve optimize edilmesini sa\u011fl\u0131yoruz.<br \/>\n* \u00c7evresel Sorumluluk: \u00c7evreye duyarl\u0131 bir \u015fekilde \u00e7al\u0131\u015f\u0131yor ve \u00e7evresel etkileri en aza indirmek i\u00e7in s\u00fcrd\u00fcr\u00fclebilir lojistik \u00e7\u00f6z\u00fcmleri sunuyoruz.<\/p>\n<\/div>\r\n\t<div class=\"bauer-spacer clearfix\" data-desktop=\"60\" data-mobi=\"30\" data-smobi=\"30\"><\/div>[\/vc_column_inner][vc_column_inner width=&#8221;1\/2&#8243;]\r\n\t<div class=\"bauer-spacer clearfix\" data-desktop=\"55\" data-mobi=\"40\" data-smobi=\"40\"><\/div><div class=\"bauer-simple-image text-center\" style=\"\" >\r\n\t\t\t<img decoding=\"async\" alt=\"image\" src=\"https:\/\/navruznakliyat.com\/wp-content\/uploads\/2024\/09\/tecr-1.png\" \/> \r\n\t\t<\/div>[\/vc_column_inner][\/vc_row_inner]\r\n\t<div class=\"bauer-spacer clearfix\" data-desktop=\"100\" data-mobi=\"60\" data-smobi=\"60\"><\/div>[\/vc_column][\/vc_row][vc_row css=&#8221;.vc_custom_1727693913909{background-image: url(https:\/\/navruznakliyat.com\/wp-content\/uploads\/2024\/09\/arkaplan.jpg?id=9359) !important;background-position: center !important;background-repeat: no-repeat !important;background-size: cover !important;}&#8221;][vc_column]\r\n\t<div class=\"bauer-spacer clearfix\" data-desktop=\"100\" data-mobi=\"60\" data-smobi=\"60\"><\/div>[vc_row_inner][vc_column_inner width=&#8221;1\/3&#8243;]<div class=\"bauer-icon-box clearfix icon-top align-center  simple\" style=\"\" ><div class=\"wrap-inner\" style=\"position: relative;\"><div class=\"bauer-icon icon-37453169 accent custom\"  data-background=\"\">\r\n\t\t\t\t<span class=\"icon\" style=\"font-size:50px;width:50px;height:50px;border-style:solid;line-height:50px;\"><i class=\"bauerico-truck\"><\/i><\/span>\r\n\t\t\t<\/div> <h3 class=\"heading  white\" style=\"font-weight:400;color:#ffffff;font-size:22px;line-height:35px;margin-top:17px;margin-bottom:13px;\">\r\n\t\t\t<span>Karayolu<br \/>\nTa\u015f\u0131mac\u0131l\u0131\u011f\u0131<\/span>\r\n\t\t<\/h3><div class=\"desc\" style=\"color:#8a99c0;\"><p><span>Yurt i\u00e7i veya uluslararas\u0131 karayolu<\/span><br \/>\n<span>ta\u015f\u0131mac\u0131l\u0131\u011f\u0131 ve uzman kadromuz ile<\/span><br \/>\n<span>hizmetinizdetiz\u2026<\/span><\/p>\n<\/div> <\/div><\/div>\r\n\t<div class=\"bauer-spacer clearfix\" data-desktop=\"60\" data-mobi=\"30\" data-smobi=\"30\"><\/div><div class=\"bauer-icon-box clearfix icon-top align-center  simple\" style=\"\" ><div class=\"wrap-inner\" style=\"position: relative;\"><div class=\"bauer-icon icon-2081745018 accent custom\"  data-background=\"\">\r\n\t\t\t\t<span class=\"icon\" style=\"font-size:50px;width:50px;height:50px;border-style:solid;line-height:50px;\"><i class=\"bauerico-ladder\"><\/i><\/span>\r\n\t\t\t<\/div> <h3 class=\"heading  white\" style=\"font-weight:400;color:#ffffff;font-size:22px;line-height:35px;margin-top:17px;margin-bottom:13px;\">\r\n\t\t\t<span>Demiryolu<br \/>\nTa\u015f\u0131mac\u0131l\u0131\u011f\u0131<\/span>\r\n\t\t<\/h3><div class=\"desc\" style=\"color:#8a99c0;\"><p><span>A\u011f\u0131r tonajl\u0131 malzemelerin demir yolu\u00a0<\/span><br \/>\n<span>ile ta\u015f\u0131nmas\u0131nda m\u00fc\u015fterilerimize\u00a0<\/span><br \/>\n<span>\u00e7\u00f6z\u00fcm \u00f6nerileri sunuyoruz.<\/span><\/p>\n<\/div> <\/div><\/div>\r\n\t<div class=\"bauer-spacer clearfix\" data-desktop=\"0\" data-mobi=\"30\" data-smobi=\"30\"><\/div>[\/vc_column_inner][vc_column_inner width=&#8221;1\/3&#8243;]<div class=\"bauer-icon-box clearfix icon-top align-center  simple\" style=\"\" ><div class=\"wrap-inner\" style=\"position: relative;\"><div class=\"bauer-icon icon-47975624 accent custom\"  data-background=\"\">\r\n\t\t\t\t<span class=\"icon\" style=\"font-size:50px;width:50px;height:50px;border-style:solid;line-height:50px;\"><i class=\"bauerico-brickwall\"><\/i><\/span>\r\n\t\t\t<\/div> <h3 class=\"heading  white\" style=\"font-weight:400;color:#ffffff;font-size:22px;line-height:35px;margin-top:17px;margin-bottom:13px;\">\r\n\t\t\t<span>Parsiyel<br \/>\nTa\u015f\u0131mac\u0131l\u0131k<\/span>\r\n\t\t<\/h3><div class=\"desc\" style=\"color:#8a99c0;\"><p><span>Geni\u015f hizmet a\u011f\u0131m\u0131z sayesinde,\u00a0<\/span><br \/>\n<span>zaman\u0131nda &amp; uygun teslimatlar\u00a0<\/span><br \/>\n<span>ger\u00e7ekle\u015ftirilmekteyiz\u2026<\/span><\/p>\n<\/div> <\/div><\/div>\r\n\t<div class=\"bauer-spacer clearfix\" data-desktop=\"60\" data-mobi=\"30\" data-smobi=\"30\"><\/div><div class=\"bauer-icon-box clearfix icon-top align-center  simple\" style=\"\" ><div class=\"wrap-inner\" style=\"position: relative;\"><div class=\"bauer-icon icon-1907443575 accent custom\"  data-background=\"\">\r\n\t\t\t\t<span class=\"icon\" style=\"font-size:50px;width:50px;height:50px;border-style:solid;line-height:50px;\"><i class=\"typcn typcn-plane-outline\"><\/i><\/span>\r\n\t\t\t<\/div> <h3 class=\"heading  white\" style=\"font-weight:400;color:#ffffff;font-size:22px;line-height:35px;margin-top:17px;margin-bottom:13px;\">\r\n\t\t\t<span>Havayolu<br \/>\nTa\u015f\u0131mac\u0131l\u0131\u011f\u0131<\/span>\r\n\t\t<\/h3><div class=\"desc\" style=\"color:#8a99c0;\"><p><span>D\u00fcnyadaki \u00f6nemli ticari noktalara\u00a0<\/span><br \/>\n<span>hava yolu ile kolayl\u0131kla\u00a0<\/span><br \/>\n<span>ta\u015f\u0131yoruz.<\/span><\/p>\n<\/div> <\/div><\/div>\r\n\t<div class=\"bauer-spacer clearfix\" data-desktop=\"0\" data-mobi=\"30\" data-smobi=\"30\"><\/div>[\/vc_column_inner][vc_column_inner width=&#8221;1\/3&#8243;]<div class=\"bauer-icon-box clearfix icon-top align-center  simple\" style=\"\" ><div class=\"wrap-inner\" style=\"position: relative;\"><div class=\"bauer-icon icon-1152310020 accent custom\"  data-background=\"\">\r\n\t\t\t\t<span class=\"icon\" style=\"font-size:50px;width:50px;height:50px;border-style:solid;line-height:50px;\"><i class=\"bauerico-industry\"><\/i><\/span>\r\n\t\t\t<\/div> <h3 class=\"heading  white\" style=\"font-weight:400;color:#ffffff;font-size:22px;line-height:35px;margin-top:17px;margin-bottom:13px;\">\r\n\t\t\t<span>Proje<br \/>\nTa\u015f\u0131mac\u0131l\u0131\u011f\u0131<\/span>\r\n\t\t<\/h3><div class=\"desc\" style=\"color:#8a99c0;\"><p><span>Proje ta\u015f\u0131mac\u0131l\u0131\u011f\u0131 alan\u0131nda\u00a0\u00a0<\/span><br \/>\n<span>g\u00fc\u00e7l\u00fc acente a\u011f\u0131m\u0131z ile\u00a0<\/span><br \/>\n<span>ihtiya\u00e7lara \u00f6zel \u00e7\u00f6z\u00fcmler.<\/span><\/p>\n<\/div> <\/div><\/div>\r\n\t<div class=\"bauer-spacer clearfix\" data-desktop=\"60\" data-mobi=\"30\" data-smobi=\"30\"><\/div><div class=\"bauer-icon-box clearfix icon-top align-center  simple\" style=\"\" ><div class=\"wrap-inner\" style=\"position: relative;\"><div class=\"bauer-icon icon-747651058 accent custom\"  data-background=\"\">\r\n\t\t\t\t<span class=\"icon\" style=\"font-size:50px;width:50px;height:50px;border-style:solid;line-height:50px;\"><i class=\"bauerico-building\"><\/i><\/span>\r\n\t\t\t<\/div> <h3 class=\"heading  white\" style=\"font-weight:400;color:#ffffff;font-size:22px;line-height:35px;margin-top:17px;margin-bottom:13px;\">\r\n\t\t\t<span>Depolama<br \/>\n\u00c7\u00f6z\u00fcmleri<\/span>\r\n\t\t<\/h3><div class=\"desc\" style=\"color:#8a99c0;\"><p><span>Merkezlerimizdeki depolarda tek m\u00fc\u015fterili\u00a0<\/span><br \/>\n<span>veya payla\u015f\u0131ml\u0131 depolama<\/span><br \/>\n<span>organizasyonu.<\/span><\/p>\n<\/div> <\/div><\/div>[\/vc_column_inner][\/vc_row_inner]\r\n\t<div class=\"bauer-spacer clearfix\" data-desktop=\"115\" data-mobi=\"95\" data-smobi=\"95\"><\/div>[\/vc_column][\/vc_row]<\/p>\n","protected":false},"excerpt":{"rendered":"<p>[vc_row arrow=&#8221;yes&#8221; scroll_id=&#8221;first-row&#8221; scroll_arrow=&#8221;yes&#8221;][vc_column][rev_slider_vc alias=&#8221;slider-1&#8243;][\/vc_column][\/vc_row][vc_row css=&#8221;.vc_custom_1558753815078{background-image: url(https:\/\/navruznakliyat.com\/wp-content\/uploads\/2019\/05\/main-bg-1.png?id=8860) !important;background-position: center !important;background-repeat: no-repeat !important;background-size: cover !important;}&#8221; el_id=&#8221;first-row&#8221;][vc_column][vc_row_inner][vc_column_inner width=&#8221;1\/2&#8243;][\/vc_column_inner][vc_column_inner width=&#8221;1\/2&#8243;][\/vc_column_inner][\/vc_row_inner][\/vc_column][\/vc_row][vc_row css=&#8221;.vc_custom_1727693913909{background-image: url(https:\/\/navruznakliyat.com\/wp-content\/uploads\/2024\/09\/arkaplan.jpg?id=9359) !important;background-position: center !important;background-repeat: no-repeat !important;background-size: cover !important;}&#8221;][vc_column][vc_row_inner][vc_column_inner width=&#8221;1\/3&#8243;][\/vc_column_inner][vc_column_inner width=&#8221;1\/3&#8243;][\/vc_column_inner][vc_column_inner width=&#8221;1\/3&#8243;][\/vc_column_inner][\/vc_row_inner][\/vc_column][\/vc_row]<\/p>\n","protected":false},"author":1,"featured_media":0,"parent":0,"menu_order":0,"comment_status":"closed","ping_status":"closed","template":"","meta":{"footnotes":""},"class_list":["post-8294","page","type-page","status-publish","hentry"],"_links":{"self":[{"href":"https:\/\/navruznakliyat.com\/index.php\/wp-json\/wp\/v2\/pages\/8294","targetHints":{"allow":["GET"]}}],"collection":[{"href":"https:\/\/navruznakliyat.com\/index.php\/wp-json\/wp\/v2\/pages"}],"about":[{"href":"https:\/\/navruznakliyat.com\/index.php\/wp-json\/wp\/v2\/types\/page"}],"author":[{"embeddable":true,"href":"https:\/\/navruznakliyat.com\/index.php\/wp-json\/wp\/v2\/users\/1"}],"replies":[{"embeddable":true,"href":"https:\/\/navruznakliyat.com\/index.php\/wp-json\/wp\/v2\/comments?post=8294"}],"version-history":[{"count":18,"href":"https:\/\/navruznakliyat.com\/index.php\/wp-json\/wp\/v2\/pages\/8294\/revisions"}],"predecessor-version":[{"id":9360,"href":"https:\/\/navruznakliyat.com\/index.php\/wp-json\/wp\/v2\/pages\/8294\/revisions\/9360"}],"wp:attachment":[{"href":"https:\/\/navruznakliyat.com\/index.php\/wp-json\/wp\/v2\/media?parent=8294"}],"curies":[{"name":"wp","href":"https:\/\/api.w.org\/{rel}","templated":true}]}}